{"id":29,"date":"2016-10-11T14:53:27","date_gmt":"2016-10-11T12:53:27","guid":{"rendered":"http:\/\/sindy.net\/?page_id=29"},"modified":"2017-02-17T10:46:42","modified_gmt":"2017-02-17T09:46:42","slug":"mediterran-geniessen","status":"publish","type":"page","link":"https:\/\/cala-luna.de\/index.php\/mediterran-geniessen\/","title":{"rendered":"Mediterran genie\u00dfen"},"content":{"rendered":"<p class=\"text\">Bei sch\u00f6nem Wetter l\u00e4dt unsere mediterran gestaltete Terrasse zum kulinarischen Verweilen ein.<\/p>\n<p class=\"text\">Genie\u00dfen Sie unsere edlen Weine und italienische Spezialit\u00e4ten unter freien Himmel und ruhiger Umgebung.<\/p>\n<p class=\"text\">F\u00fcr die Kinder haben wir einen kleinen Spielplatz eingerichtet!<\/p>\n<p>&nbsp;<\/p>\n<div class=\"row-fluid\">\n<div class=\"span3\"><a title=\"Cala Luna\" href=\"http:\/\/cala-luna.de\/wp-content\/uploads\/file4.jpeg\" data-lightbox=\"group:mygroup1;titlePosition:inside\" data-spotlight=\"on\"><img loading=\"lazy\" decoding=\"async\" src=\"http:\/\/cala-luna.de\/wp-content\/uploads\/file4.jpeg\" alt=\"Mediterran genie\u00dfen\" width=\"190\" height=\"150\" \/>\u00a0 <\/a><a title=\"Cala Luna\" href=\"http:\/\/cala-luna.de\/wp-content\/uploads\/file2-1.jpeg\" data-lightbox=\"group:mygroup1;titlePosition:inside\" data-spotlight=\"on\"> <img loading=\"lazy\" decoding=\"async\" src=\"http:\/\/cala-luna.de\/wp-content\/uploads\/file2-1.jpeg\" alt=\"Mediterran genie\u00dfen\" width=\"190\" height=\"150\" \/>\u00a0 <\/a><a title=\"Cala Luna\" href=\"http:\/\/cala-luna.de\/wp-content\/uploads\/file5.jpeg\" data-lightbox=\"group:mygroup1;titlePosition:inside\" data-spotlight=\"on\"><img loading=\"lazy\" decoding=\"async\" src=\"http:\/\/cala-luna.de\/wp-content\/uploads\/file5.jpeg\" alt=\"Mediterran genie\u00dfen\" width=\"190\" height=\"150\" \/><\/a> <a title=\"Cala Luna\" href=\"http:\/\/cala-luna.de\/wp-content\/uploads\/file1.jpeg\" data-lightbox=\"group:mygroup1;titlePosition:inside\" data-spotlight=\"on\"><img loading=\"lazy\" decoding=\"async\" src=\"http:\/\/cala-luna.de\/wp-content\/uploads\/file1.jpeg\" alt=\"Mediterran genie\u00dfen\" width=\"190\" height=\"150\" \/><\/a>\u00a0<a title=\"Cala Luna\" href=\"http:\/\/cala-luna.de\/wp-content\/uploads\/file-1.jpeg\" data-lightbox=\"group:mygroup1;titlePosition:inside\" data-spotlight=\"on\"><img loading=\"lazy\" decoding=\"async\" src=\"http:\/\/cala-luna.de\/wp-content\/uploads\/file-1.jpeg\" alt=\"Mediterran genie\u00dfen\" width=\"190\" height=\"150\" \/><\/a><\/div>\n<\/div>\n","protected":false},"excerpt":{"rendered":"<p>Bei sch\u00f6nem Wetter l\u00e4dt unsere mediterran gestaltete Terrasse zum kulinarischen Verweilen ein. Genie\u00dfen Sie unsere edlen Weine und italienische Spezialit\u00e4ten unter freien Himmel und ruhiger Umgebung. F\u00fcr die Kinder haben wir einen kleinen Spielplatz eingerichtet! &nbsp; \u00a0 \u00a0 \u00a0<\/p>\n<p> <a class=\"continue-reading-link\" href=\"https:\/\/cala-luna.de\/index.php\/mediterran-geniessen\/\"><span>Continue reading<\/span><i class=\"crycon-right-dir\"><\/i><\/a> <\/p>\n","protected":false},"author":1,"featured_media":0,"parent":0,"menu_order":0,"comment_status":"closed","ping_status":"closed","template":"templates\/template-twocolumns-left.php","meta":{"footnotes":""},"class_list":["post-29","page","type-page","status-publish","hentry"],"_links":{"self":[{"href":"https:\/\/cala-luna.de\/index.php\/wp-json\/wp\/v2\/pages\/29","targetHints":{"allow":["GET"]}}],"collection":[{"href":"https:\/\/cala-luna.de\/index.php\/wp-json\/wp\/v2\/pages"}],"about":[{"href":"https:\/\/cala-luna.de\/index.php\/wp-json\/wp\/v2\/types\/page"}],"author":[{"embeddable":true,"href":"https:\/\/cala-luna.de\/index.php\/wp-json\/wp\/v2\/users\/1"}],"replies":[{"embeddable":true,"href":"https:\/\/cala-luna.de\/index.php\/wp-json\/wp\/v2\/comments?post=29"}],"version-history":[{"count":11,"href":"https:\/\/cala-luna.de\/index.php\/wp-json\/wp\/v2\/pages\/29\/revisions"}],"predecessor-version":[{"id":175,"href":"https:\/\/cala-luna.de\/index.php\/wp-json\/wp\/v2\/pages\/29\/revisions\/175"}],"wp:attachment":[{"href":"https:\/\/cala-luna.de\/index.php\/wp-json\/wp\/v2\/media?parent=29"}],"curies":[{"name":"wp","href":"https:\/\/api.w.org\/{rel}","templated":true}]}}