{"id":31,"date":"2016-10-11T14:53:48","date_gmt":"2016-10-11T12:53:48","guid":{"rendered":"http:\/\/sindy.net\/?page_id=31"},"modified":"2017-02-22T10:54:48","modified_gmt":"2017-02-22T09:54:48","slug":"historie","status":"publish","type":"page","link":"https:\/\/cala-luna.de\/index.php\/historie\/","title":{"rendered":"Historie"},"content":{"rendered":"<p>1632- Drei\u00dfigj\u00e4hriger Krieg. Die H\u00f6lle f\u00fcr das au\u00dferhalb des N\u00fcrnberger Schutzwalles liegende Schweinau. Auch ein kleines Bauernhaus am Ortsende ging in Flammen auf. Schon nach 1700 z\u00e4hlte der Ort wieder 70 Geh\u00f6fte. Dazu geh\u00f6rte auch &#8211; auf den Grundmauern der alten Brandst\u00e4tte errichtet &#8211; ein neues Fachwerkbauernhaus mit Schankerlaubnis. Sein Name: \u201cSchwarzer Adler \u201c, das heutige \u201c Cala Luna \u201c.<\/p>\n<p>Als Schweinau 1899 nach N\u00fcrnberg eingemeindet wurde, mu\u00dfte auch der \u201c Schwarze Adler \u201c zwangsweise modernisieren. Die Stadt verbot n\u00e4mlich die alten, nicht immer gesunden Hofbrunnen. 1901 erhielt der Hof eine Wasserleitung. An der Stelle des ehemaligen Brunnens steht heute eine Linde vor dem Haus.<br \/>\nEs kamen die 40 turbulenten Jahre f\u00fcr Deutschland, N\u00fcrnberg und Schweinau. Beinahe spurlos gingen sie an dem \u201c G\u00fctel \u201d, wie es hie\u00df, vor\u00fcber &#8211; bis zum Februar 1945. Unter den Angriffen auf N\u00fcrnberg litt auch Schweinau. In das Dach des \u201c Schwarzen Adler \u201c schlug eine Brandbombe ein und verursachte schwere Sch\u00e4den. Es wurden gro\u00dfe Umbauten get\u00e4tigt . Die K\u00fcche wurde in den Anbau verlegt und die Gaststube um die ehemalige K\u00fcche vergr\u00f6\u00dfert. Die Plumpstoiletten im Hof wurden geschlossen und Sp\u00fcltoiletten im Haus gebaut. Daf\u00fcr wurde die \u201c gute Stube \u201c geopfert. Der oberirdische Keller wurde abgerissen und machte einem neuen Hauseingang und Vorgarten Platz.<\/p>\n<p>\u00dcberhaupt setzte in den Jahren zwischen 1950 &#8211; 1975 ein gewaltiger Bauboom in Schweinau ein, der den d\u00f6rflichen Charakter vollends zerst\u00f6rte. Keine der alten Wirtschaften \u00fcberlebte, eines der alten H\u00e4user nach dem anderen verschwand und wurde durch moderne Geb\u00e4ude ersetzt. \u00dcbrig blieb allein dieses Fachwerkhaus.<br \/>\nDann wurden ein Abri\u00df- und Neubauantrag an die Stadt gestellt. Doch die Baupl\u00e4ne kollidierten mit den Stra\u00dfenbaupl\u00e4nen der Stadt, sie wurden abschl\u00e4gig beschieden. Noch bevor sich Stadt und Brauerei einigen konnten, trat jedoch das Denkmalschutzgesetz in Kraft. Das alte Geb\u00e4ude mu\u00dfte erhalten werden.<br \/>\nMehrere P\u00e4chter f\u00fchrten danach die \u201c Sch\u00e4ff-Br\u00e4u-Stuben \u201c als Bar, als Gasthaus mit unterschiedlichem Erfolg bis 1985 neue P\u00e4chter einzogen: die italienische Familie Mereu. Die \u201cSch\u00e4ff-Br\u00e4u-Stuben\u201d wurden zu einem italienischen Restaurant. Michele, der \u00c4lteste, lernte nach abgeschlossener Schulausbildung im Grand Hotel den Beruf des Kochs. 1996 \u00fcbernahm er die Pacht vom Vater und war nun selber K\u00fcchenchef. Die feine K\u00fcche zog viele Stammg\u00e4ste an. Deshalb kaufte Michele Mereu das Restaurant 2001. Und wieder wurde umgetauft. Aus den \u201cSch\u00e4ff-Br\u00e4u-Stuben\u201d wurde das \u201cCala Luna\u201d. Auch innen wurde umgebaut, so dass ein gem\u00fctliches Restaurant mit italienischem Flair entstand. Die gro\u00dfe Terrasse, angelegt in den Jahren 2002\/2003, wurde 2016 komplett umgebaut und bietet nun nicht nur mehr Sitzpl\u00e4tze sondern auch ein au\u00dfergew\u00f6hnliches mediterranes Ambiente.<\/p>\n<p>So besitzen Natalie und Michele Mereu, die das Speiserestaurant heute als Familienbetrieb f\u00fchren, nicht nur das \u00e4lteste Haus Schweinaus, das einzige, das seit mehr als 200 Jahren ununterbrochen G\u00e4ste bewirtet hat &#8211; sie besitzen Schweinaus Schmuckst\u00fcck.<\/p>\n","protected":false},"excerpt":{"rendered":"<p>1632- Drei\u00dfigj\u00e4hriger Krieg. Die H\u00f6lle f\u00fcr das au\u00dferhalb des N\u00fcrnberger Schutzwalles liegende Schweinau. Auch ein kleines Bauernhaus am Ortsende ging in Flammen auf. Schon nach 1700 z\u00e4hlte der Ort wieder 70 Geh\u00f6fte. Dazu geh\u00f6rte auch &#8211; auf den Grundmauern der alten Brandst\u00e4tte errichtet &#8211; ein neues Fachwerkbauernhaus mit Schankerlaubnis. Sein\u2026<\/p>\n<p> <a class=\"continue-reading-link\" href=\"https:\/\/cala-luna.de\/index.php\/historie\/\"><span>Continue reading<\/span><i class=\"crycon-right-dir\"><\/i><\/a> <\/p>\n","protected":false},"author":1,"featured_media":0,"parent":0,"menu_order":0,"comment_status":"closed","ping_status":"closed","template":"templates\/template-twocolumns-left.php","meta":{"footnotes":""},"class_list":["post-31","page","type-page","status-publish","hentry"],"_links":{"self":[{"href":"https:\/\/cala-luna.de\/index.php\/wp-json\/wp\/v2\/pages\/31","targetHints":{"allow":["GET"]}}],"collection":[{"href":"https:\/\/cala-luna.de\/index.php\/wp-json\/wp\/v2\/pages"}],"about":[{"href":"https:\/\/cala-luna.de\/index.php\/wp-json\/wp\/v2\/types\/page"}],"author":[{"embeddable":true,"href":"https:\/\/cala-luna.de\/index.php\/wp-json\/wp\/v2\/users\/1"}],"replies":[{"embeddable":true,"href":"https:\/\/cala-luna.de\/index.php\/wp-json\/wp\/v2\/comments?post=31"}],"version-history":[{"count":6,"href":"https:\/\/cala-luna.de\/index.php\/wp-json\/wp\/v2\/pages\/31\/revisions"}],"predecessor-version":[{"id":194,"href":"https:\/\/cala-luna.de\/index.php\/wp-json\/wp\/v2\/pages\/31\/revisions\/194"}],"wp:attachment":[{"href":"https:\/\/cala-luna.de\/index.php\/wp-json\/wp\/v2\/media?parent=31"}],"curies":[{"name":"wp","href":"https:\/\/api.w.org\/{rel}","templated":true}]}}