{"id":45,"date":"2016-10-11T14:56:30","date_gmt":"2016-10-11T12:56:30","guid":{"rendered":"http:\/\/sindy.net\/?page_id=45"},"modified":"2017-02-10T10:01:41","modified_gmt":"2017-02-10T09:01:41","slug":"menuevorschlaege","status":"publish","type":"page","link":"https:\/\/cala-luna.de\/index.php\/feste-feiern\/menuevorschlaege\/","title":{"rendered":"Men\u00fcvorschl\u00e4ge"},"content":{"rendered":"<p class=\"text\" style=\"text-align: center;\"><strong>Vorspeisen:<\/strong><\/p>\n<p style=\"text-align: center;\">Carpaccio vom Rind auf mariniertem<br \/>\nRucolasalat mit Parmesank\u00e4se und Tr\u00fcffel\u00f6l<\/p>\n<p style=\"text-align: center;\">******<\/p>\n<p style=\"text-align: center;\">Carpaccio vom Schwertfisch auf Meeresalgen,<br \/>\ndazu marinierte tomat\u00e9s concass\u00e9<\/p>\n<p style=\"text-align: center;\">******<br \/>\nVitello tonnato<br \/>\n(D\u00fcnne Kalbsscheiben in Thunfisch-Cremesauce mit Kapern,<br \/>\nZwiebeln und Rucola garniert)<\/p>\n<p style=\"text-align: center;\">******<br \/>\nAntipastoteller \u201eVenezia\u201c<br \/>\n(Melonenschiffchen mit ummantelten Parmaschinken Grissini,<br \/>\ndazu marinierte Shrimps und Oliven)<\/p>\n<p style=\"text-align: center;\">******<br \/>\nGebratene Scampi am Spie\u00df auf mariniertem Rucolasalat<br \/>\nmit Balsamico-Creme und Parmesanspalten garniert<\/p>\n<p style=\"text-align: center;\">******<br \/>\nCaprese di Buffala mit gegrillter Auberginenscheibe,<br \/>\ndazu Crostini alla Toskana<\/p>\n<p style=\"text-align: center;\">******<br \/>\n<strong>Zwischengerichte<\/strong><\/p>\n<p style=\"text-align: center;\">Risotto frutti di Mare<\/p>\n<p style=\"text-align: center;\">******<br \/>\nGnocchi arabbiata<\/p>\n<p style=\"text-align: center;\">******<br \/>\nHausgemachte Cannelloni<\/p>\n<p style=\"text-align: center;\">******<br \/>\nHausgemachte Ravioli<br \/>\nWahlweise:<\/p>\n<p style=\"text-align: center;\">in Steinpilzcreme-Sauce<br \/>\nin Pesto-Sauce<br \/>\nalla Salvia<br \/>\nin Napolisauce<\/p>\n<p style=\"text-align: center;\">******<br \/>\nPapperdelle alla Lepre<\/p>\n<p style=\"text-align: center;\">******<br \/>\nTagliatelle ai funghi porcini<\/p>\n<p style=\"text-align: center;\">******<br \/>\nLasagne al forno<\/p>\n<p style=\"text-align: center;\">******<br \/>\nOrecchiette al ragout di Vitello<\/p>\n<p style=\"text-align: center;\"><strong>Hauptgerichte:<\/strong><\/p>\n<p style=\"text-align: center;\">Scaloppine vom Kalb in Marsala-Cremesauce,<br \/>\ndazu Rosmarinkartoffeln und gebratenem Gem\u00fcse<\/p>\n<p style=\"text-align: center;\">******<br \/>\nSaltimbocca alla Romana,<br \/>\ndazu Parmesanrisotto<\/p>\n<p style=\"text-align: center;\">******<br \/>\nInvoltini vom Kalb in Oregano-Rahmsauce,<br \/>\ndazu Tagliollini Napoli<\/p>\n<p style=\"text-align: center;\">******<br \/>\nScaloppine von der Schweinelende al Pinot Grigio,<br \/>\ndazu Gem\u00fcserisotto und tomat\u00e9s concass\u00e9<\/p>\n<p style=\"text-align: center;\">******<br \/>\n\u00dcberbackene Scaloppine von der Schweinelende auf<br \/>\nBlattspinat, dazu gratinierte Kartoffeln<\/p>\n<p style=\"text-align: center;\">******<br \/>\nLachssteak gebraten in Mandelkrute,<br \/>\ndazu geschwenkte Butterkartoffeln<\/p>\n<p style=\"text-align: center;\">******<br \/>\nScampi alla Livornese,<br \/>\ndazu Gem\u00fcserisotto<\/p>\n<p style=\"text-align: center;\">******<br \/>\nDorade Royal im Ofen gegart auf einer<br \/>\nk\u00f6stlichen Shrimps-Tomatensauce,<br \/>\ndazu Tagliollini alla Panna<\/p>\n<p style=\"text-align: center;\"><strong>Dessert:<\/strong><\/p>\n<p style=\"text-align: center;\">Hausgemachtes Tiramisu<br \/>\nmit frischen Fr\u00fcchten, Sahne und Mandeln garniert<\/p>\n<p style=\"text-align: center;\">******<br \/>\nGebackenes Vanilleeis auf Erdbeerspiegel,<br \/>\nmit frischen Fr\u00fcchten, Sahne und Mandeln garniert<\/p>\n<p style=\"text-align: center;\">******<br \/>\nTartuffo Classico auf Caramelspiegel,<br \/>\nmit frischen Fr\u00fcchten, Sahne und Mandeln garniert<\/p>\n<p style=\"text-align: center;\">******<br \/>\nCrep\u00e9s Suz\u00e9tte in Grand Marnier Sauce,<br \/>\nmit Vanilleeiskugel, frischen Fr\u00fcchten und Sahne garniert<\/p>\n<p style=\"text-align: center;\">******<br \/>\nMaccedonia<br \/>\n(Frischer Obstsalat mit Vanilleeiskugel)<\/p>\n","protected":false},"excerpt":{"rendered":"<p>Vorspeisen: Carpaccio vom Rind auf mariniertem Rucolasalat mit Parmesank\u00e4se und Tr\u00fcffel\u00f6l ****** Carpaccio vom Schwertfisch auf Meeresalgen, dazu marinierte tomat\u00e9s concass\u00e9 ****** Vitello tonnato (D\u00fcnne Kalbsscheiben in Thunfisch-Cremesauce mit Kapern, Zwiebeln und Rucola garniert) ****** Antipastoteller \u201eVenezia\u201c (Melonenschiffchen mit ummantelten Parmaschinken Grissini, dazu marinierte Shrimps und Oliven) ****** Gebratene Scampi\u2026<\/p>\n<p> <a class=\"continue-reading-link\" href=\"https:\/\/cala-luna.de\/index.php\/feste-feiern\/menuevorschlaege\/\"><span>Continue reading<\/span><i class=\"crycon-right-dir\"><\/i><\/a> <\/p>\n","protected":false},"author":1,"featured_media":0,"parent":27,"menu_order":0,"comment_status":"closed","ping_status":"closed","template":"templates\/template-twocolumns-left.php","meta":{"footnotes":""},"class_list":["post-45","page","type-page","status-publish","hentry"],"_links":{"self":[{"href":"https:\/\/cala-luna.de\/index.php\/wp-json\/wp\/v2\/pages\/45","targetHints":{"allow":["GET"]}}],"collection":[{"href":"https:\/\/cala-luna.de\/index.php\/wp-json\/wp\/v2\/pages"}],"about":[{"href":"https:\/\/cala-luna.de\/index.php\/wp-json\/wp\/v2\/types\/page"}],"author":[{"embeddable":true,"href":"https:\/\/cala-luna.de\/index.php\/wp-json\/wp\/v2\/users\/1"}],"replies":[{"embeddable":true,"href":"https:\/\/cala-luna.de\/index.php\/wp-json\/wp\/v2\/comments?post=45"}],"version-history":[{"count":9,"href":"https:\/\/cala-luna.de\/index.php\/wp-json\/wp\/v2\/pages\/45\/revisions"}],"predecessor-version":[{"id":101,"href":"https:\/\/cala-luna.de\/index.php\/wp-json\/wp\/v2\/pages\/45\/revisions\/101"}],"up":[{"embeddable":true,"href":"https:\/\/cala-luna.de\/index.php\/wp-json\/wp\/v2\/pages\/27"}],"wp:attachment":[{"href":"https:\/\/cala-luna.de\/index.php\/wp-json\/wp\/v2\/media?parent=45"}],"curies":[{"name":"wp","href":"https:\/\/api.w.org\/{rel}","templated":true}]}}